{"id":321672,"date":"2026-05-13T15:41:05","date_gmt":"2026-05-13T13:41:05","guid":{"rendered":"https:\/\/emigrarconana.com\/?page_id=321672"},"modified":"2026-05-13T15:41:39","modified_gmt":"2026-05-13T13:41:39","slug":"condiciones-generales","status":"publish","type":"page","link":"https:\/\/emigrarconana.com\/en\/condiciones-generales\/","title":{"rendered":"Condiciones generals"},"content":{"rendered":"<p>[et_pb_section fb_built=\u00bb1&#8243; theme_builder_area=\u00bbpost_content\u00bb _builder_version=\u00bb4.27.6&#8243; _module_preset=\u00bbdefault\u00bb][et_pb_row _builder_version=\u00bb4.27.6&#8243; _module_preset=\u00bbdefault\u00bb theme_builder_area=\u00bbpost_content\u00bb][et_pb_column _builder_version=\u00bb4.27.6&#8243; _module_preset=\u00bbdefault\u00bb type=\u00bb4_4&#8243; theme_builder_area=\u00bbpost_content\u00bb][et_pb_text _builder_version=\u00bb4.27.6&#8243; _module_preset=\u00bbdefault\u00bb theme_builder_area=\u00bbpost_content\u00bb hover_enabled=\u00bb0&#8243; sticky_enabled=\u00bb0&#8243;]<\/p>\n<p><strong>CONDICIONES GENERALES DE CONTRATACI\u00d3N DE SERVICIOS EN EA MIGRATION CONSULTING<\/strong><\/p>\n<p>[\/et_pb_text][\/et_pb_column][\/et_pb_row][et_pb_row _builder_version=\u00bb4.27.6&#8243; _module_preset=\u00bbdefault\u00bb theme_builder_area=\u00bbpost_content\u00bb border_radii=\u00bbon|1px|1px|1px|1px\u00bb border_color_all=\u00bb#1A374D\u00bb border_width_all=\u00bb2px\u00bb box_shadow_style=\u00bbpreset1&#8243; hover_enabled=\u00bb0&#8243; sticky_enabled=\u00bb0&#8243;][et_pb_column _builder_version=\u00bb4.27.6&#8243; _module_preset=\u00bbdefault\u00bb type=\u00bb4_4&#8243; theme_builder_area=\u00bbpost_content\u00bb][et_pb_text _builder_version=\u00bb4.27.6&#8243; _module_preset=\u00bbdefault\u00bb theme_builder_area=\u00bbpost_content\u00bb text_font=\u00bb||||||||\u00bb hover_enabled=\u00bb0&#8243; sticky_enabled=\u00bb0&#8243;]<\/p>\n<p>M\u00c9TODOS DE PAGO.<\/p>\n<p>LOS CLIENTES podr\u00e1n realizar el pago por los servicios en concepto de \u00a8Servicio + Nombre\u00a8 mediante:<\/p>\n<ul>\n<li>una transferencia bancaria, a la cuenta que LA CONSULTOR\u00cdA mantiene abierta en BANCO SANTANDER:<\/li>\n<\/ul>\n<ul>\n<li>pago a trav\u00e9s de enlace seguro con tarjeta de d\u00e9bito\/cr\u00e9dito (solicitar el enlace a la consultor\u00eda)<\/li>\n<li>en efectivo (siempre y cuando no sobrepase los l\u00edmites legalmente establecidos)<\/li>\n<\/ul>\n<p><u>DURACI\u00d3N DE LOS CONTRATOS.<\/u><\/p>\n<p>Los contratos tendr\u00e1n una duraci\u00f3n determinada, a contar desde la fecha de su entrada en vigor conforme a lo estipulado previamente en la anterior cl\u00e1usula, sin perjuicio de verse <u>prorrogado por per\u00edodos mensuales<\/u>, hasta finalizar la prestaci\u00f3n de servicios contratados.<\/p>\n<p><u>PROTECCI\u00d3N DE DATOS.<\/u><\/p>\n<p>Los datos facilitados por LOS CLIENTES para la correcta prestaci\u00f3n de los servicios detallados en el presente contrato se incluir\u00e1n en tratamientos sujetos al r\u00e9gimen del Reglamento general Europeo de protecci\u00f3n de Datos 2016\/679, y de la <u>Ley Org\u00e1nica 3\/2018, de 5 de diciembre,<\/u> de Protecci\u00f3n de Datos personales y garant\u00eda de los derechos digitales, comprometi\u00e9ndose LA CONSULTOR\u00cdA la observancia debida y cumplimiento de las disposiciones de las citadas normas, y en particular, a no ceder datos de car\u00e1cter personal de los que pueda tomar conocimiento por raz\u00f3n del propio cumplimiento del contrato sin contar para ello con el consentimiento y\/o la autorizaci\u00f3n del titular de los datos personales.<\/p>\n<p>A tal fin, LA CONSULTOR\u00cdA \u00fanicamente acceder\u00e1 a los datos personales de clientes si tal acceso fuese necesario para cumplir con los servicios objeto del presente acuerdo<\/p>\n<p><u style=\"font-size: 14px;\">RESOLUCI\u00d3N CONTRACTUAL.<\/u><\/p>\n<p>El cumplimiento de las prestaciones respectivamente asumidas por cada una de LAS PARTES no puede quedar a su arbitrio ni voluntad unilateral.<\/p>\n<p>En caso de incumplimiento, la parte que previamente haya dado satisfacci\u00f3n a las obligaciones que le resultan propias estar\u00e1 facultada para exigirle a la contraparte el cumplimiento de la obligaci\u00f3n no atendida, o en su caso, para resolver el contrato.\u00a0<\/p>\n<p>En caso de que el incumplimiento proceda por parte de LA CONSULTOR\u00cdA &#8211; LOS CLIENTES tendr\u00e1n derecho a reembolso de la parte del servicio no disfrutada. En caso de incumplimiento o cancelaci\u00f3n de servicio se produzca por parte de LOS CLIENTES &#8211; los mismos tendr\u00e1n que abonar por completo el importe del contrato, si no fuese abonado ya previamente.\u00a0<\/p>\n<p>EA Migration Consulting<\/p>\n<p>[\/et_pb_text][\/et_pb_column][\/et_pb_row][\/et_pb_section]<\/p>\n","protected":false},"excerpt":{"rendered":"<p>CONDICIONES GENERALES DE CONTRATACI\u00d3N DE SERVICIOS EN EA MIGRATION CONSULTINGM\u00c9TODOS DE PAGO. LOS CLIENTES podr\u00e1n realizar el pago por los servicios en concepto de \u00a8Servicio + Nombre\u00a8 mediante: una transferencia bancaria, a la cuenta que LA CONSULTOR\u00cdA mantiene abierta en BANCO SANTANDER: pago a trav\u00e9s de enlace seguro con tarjeta de d\u00e9bito\/cr\u00e9dito (solicitar el enlace [&hellip;]<\/p>\n","protected":false},"author":3,"featured_media":0,"parent":0,"menu_order":0,"comment_status":"closed","ping_status":"closed","template":"","meta":{"_et_pb_use_builder":"on","_et_pb_old_content":"","_et_gb_content_width":"","footnotes":""},"class_list":["post-321672","page","type-page","status-publish","hentry"],"yoast_head":"<!-- This site is optimized with the Yoast SEO Premium plugin v26.0 (Yoast SEO v27.6) - https:\/\/yoast.com\/product\/yoast-seo-premium-wordpress\/ -->\n<title>Condiciones generals - EA Migration Consulting<\/title>\n<meta name=\"robots\" content=\"index, follow, max-snippet:-1, max-image-preview:large, max-video-preview:-1\" \/>\n<link rel=\"canonical\" href=\"https:\/\/emigrarconana.com\/en\/condiciones-generales\/\" \/>\n<meta property=\"og:locale\" content=\"en_GB\" \/>\n<meta property=\"og:type\" content=\"article\" \/>\n<meta property=\"og:title\" content=\"Condiciones generals\" \/>\n<meta property=\"og:description\" content=\"CONDICIONES GENERALES DE CONTRATACI\u00d3N DE SERVICIOS EN EA MIGRATION CONSULTINGM\u00c9TODOS DE PAGO. LOS CLIENTES podr\u00e1n realizar el pago por los servicios en concepto de \u00a8Servicio + Nombre\u00a8 mediante: una transferencia bancaria, a la cuenta que LA CONSULTOR\u00cdA mantiene abierta en BANCO SANTANDER: pago a trav\u00e9s de enlace seguro con tarjeta de d\u00e9bito\/cr\u00e9dito (solicitar el enlace [&hellip;]\" \/>\n<meta property=\"og:url\" content=\"https:\/\/emigrarconana.com\/en\/condiciones-generales\/\" \/>\n<meta property=\"og:site_name\" content=\"EA Migration Consulting\" \/>\n<meta property=\"article:modified_time\" content=\"2026-05-13T13:41:39+00:00\" \/>\n<meta name=\"twitter:card\" content=\"summary_large_image\" \/>\n<script type=\"application\/ld+json\" class=\"yoast-schema-graph\">{\"@context\":\"https:\\\/\\\/schema.org\",\"@graph\":[{\"@type\":\"WebPage\",\"@id\":\"https:\\\/\\\/emigrarconana.com\\\/condiciones-generales\\\/\",\"url\":\"https:\\\/\\\/emigrarconana.com\\\/condiciones-generales\\\/\",\"name\":\"Condiciones generals - EA Migration Consulting\",\"isPartOf\":{\"@id\":\"https:\\\/\\\/emigrarconana.com\\\/#website\"},\"datePublished\":\"2026-05-13T13:41:05+00:00\",\"dateModified\":\"2026-05-13T13:41:39+00:00\",\"breadcrumb\":{\"@id\":\"https:\\\/\\\/emigrarconana.com\\\/condiciones-generales\\\/#breadcrumb\"},\"inLanguage\":\"en-GB\",\"potentialAction\":[{\"@type\":\"ReadAction\",\"target\":[\"https:\\\/\\\/emigrarconana.com\\\/condiciones-generales\\\/\"]}]},{\"@type\":\"BreadcrumbList\",\"@id\":\"https:\\\/\\\/emigrarconana.com\\\/condiciones-generales\\\/#breadcrumb\",\"itemListElement\":[{\"@type\":\"ListItem\",\"position\":1,\"name\":\"Portada\",\"item\":\"https:\\\/\\\/emigrarconana.com\\\/\"},{\"@type\":\"ListItem\",\"position\":2,\"name\":\"Condiciones generals\"}]},{\"@type\":\"WebSite\",\"@id\":\"https:\\\/\\\/emigrarconana.com\\\/#website\",\"url\":\"https:\\\/\\\/emigrarconana.com\\\/\",\"name\":\"Emigrar con Ana\",\"description\":\"Consultor\u00eda de Inmigracion a Espa\u00f1a\",\"publisher\":{\"@id\":\"https:\\\/\\\/emigrarconana.com\\\/#organization\"},\"potentialAction\":[{\"@type\":\"SearchAction\",\"target\":{\"@type\":\"EntryPoint\",\"urlTemplate\":\"https:\\\/\\\/emigrarconana.com\\\/?s={search_term_string}\"},\"query-input\":{\"@type\":\"PropertyValueSpecification\",\"valueRequired\":true,\"valueName\":\"search_term_string\"}}],\"inLanguage\":\"en-GB\"},{\"@type\":\"Organization\",\"@id\":\"https:\\\/\\\/emigrarconana.com\\\/#organization\",\"name\":\"Emigrar con Ana, consultor\u00eda de inmigraci\u00f3n\",\"url\":\"https:\\\/\\\/emigrarconana.com\\\/\",\"logo\":{\"@type\":\"ImageObject\",\"inLanguage\":\"en-GB\",\"@id\":\"https:\\\/\\\/emigrarconana.com\\\/#\\\/schema\\\/logo\\\/image\\\/\",\"url\":\"https:\\\/\\\/emigrarconana.com\\\/wp-content\\\/uploads\\\/2024\\\/07\\\/cropped-logo-emigrar-con-ana-jpg.jpg\",\"contentUrl\":\"https:\\\/\\\/emigrarconana.com\\\/wp-content\\\/uploads\\\/2024\\\/07\\\/cropped-logo-emigrar-con-ana-jpg.jpg\",\"width\":512,\"height\":512,\"caption\":\"Emigrar con Ana, consultor\u00eda de inmigraci\u00f3n\"},\"image\":{\"@id\":\"https:\\\/\\\/emigrarconana.com\\\/#\\\/schema\\\/logo\\\/image\\\/\"}}]}<\/script>\n<!-- \/ Yoast SEO Premium plugin. -->","yoast_head_json":{"title":"Condiciones generals - EA Migration Consulting","robots":{"index":"index","follow":"follow","max-snippet":"max-snippet:-1","max-image-preview":"max-image-preview:large","max-video-preview":"max-video-preview:-1"},"canonical":"https:\/\/emigrarconana.com\/en\/condiciones-generales\/","og_locale":"en_GB","og_type":"article","og_title":"Condiciones generals","og_description":"CONDICIONES GENERALES DE CONTRATACI\u00d3N DE SERVICIOS EN EA MIGRATION CONSULTINGM\u00c9TODOS DE PAGO. LOS CLIENTES podr\u00e1n realizar el pago por los servicios en concepto de \u00a8Servicio + Nombre\u00a8 mediante: una transferencia bancaria, a la cuenta que LA CONSULTOR\u00cdA mantiene abierta en BANCO SANTANDER: pago a trav\u00e9s de enlace seguro con tarjeta de d\u00e9bito\/cr\u00e9dito (solicitar el enlace [&hellip;]","og_url":"https:\/\/emigrarconana.com\/en\/condiciones-generales\/","og_site_name":"EA Migration Consulting","article_modified_time":"2026-05-13T13:41:39+00:00","twitter_card":"summary_large_image","schema":{"@context":"https:\/\/schema.org","@graph":[{"@type":"WebPage","@id":"https:\/\/emigrarconana.com\/condiciones-generales\/","url":"https:\/\/emigrarconana.com\/condiciones-generales\/","name":"Condiciones generals - EA Migration Consulting","isPartOf":{"@id":"https:\/\/emigrarconana.com\/#website"},"datePublished":"2026-05-13T13:41:05+00:00","dateModified":"2026-05-13T13:41:39+00:00","breadcrumb":{"@id":"https:\/\/emigrarconana.com\/condiciones-generales\/#breadcrumb"},"inLanguage":"en-GB","potentialAction":[{"@type":"ReadAction","target":["https:\/\/emigrarconana.com\/condiciones-generales\/"]}]},{"@type":"BreadcrumbList","@id":"https:\/\/emigrarconana.com\/condiciones-generales\/#breadcrumb","itemListElement":[{"@type":"ListItem","position":1,"name":"Portada","item":"https:\/\/emigrarconana.com\/"},{"@type":"ListItem","position":2,"name":"Condiciones generals"}]},{"@type":"WebSite","@id":"https:\/\/emigrarconana.com\/#website","url":"https:\/\/emigrarconana.com\/","name":"Emigrating with Ana","description":"Immigration Consultancy to Spain","publisher":{"@id":"https:\/\/emigrarconana.com\/#organization"},"potentialAction":[{"@type":"SearchAction","target":{"@type":"EntryPoint","urlTemplate":"https:\/\/emigrarconana.com\/?s={search_term_string}"},"query-input":{"@type":"PropertyValueSpecification","valueRequired":true,"valueName":"search_term_string"}}],"inLanguage":"en-GB"},{"@type":"Organization","@id":"https:\/\/emigrarconana.com\/#organization","name":"Emigrate with Ana, immigration consultancy","url":"https:\/\/emigrarconana.com\/","logo":{"@type":"ImageObject","inLanguage":"en-GB","@id":"https:\/\/emigrarconana.com\/#\/schema\/logo\/image\/","url":"https:\/\/emigrarconana.com\/wp-content\/uploads\/2024\/07\/cropped-logo-emigrar-con-ana-jpg.jpg","contentUrl":"https:\/\/emigrarconana.com\/wp-content\/uploads\/2024\/07\/cropped-logo-emigrar-con-ana-jpg.jpg","width":512,"height":512,"caption":"Emigrar con Ana, consultor\u00eda de inmigraci\u00f3n"},"image":{"@id":"https:\/\/emigrarconana.com\/#\/schema\/logo\/image\/"}}]}},"_links":{"self":[{"href":"https:\/\/emigrarconana.com\/en\/wp-json\/wp\/v2\/pages\/321672","targetHints":{"allow":["GET"]}}],"collection":[{"href":"https:\/\/emigrarconana.com\/en\/wp-json\/wp\/v2\/pages"}],"about":[{"href":"https:\/\/emigrarconana.com\/en\/wp-json\/wp\/v2\/types\/page"}],"author":[{"embeddable":true,"href":"https:\/\/emigrarconana.com\/en\/wp-json\/wp\/v2\/users\/3"}],"replies":[{"embeddable":true,"href":"https:\/\/emigrarconana.com\/en\/wp-json\/wp\/v2\/comments?post=321672"}],"version-history":[{"count":3,"href":"https:\/\/emigrarconana.com\/en\/wp-json\/wp\/v2\/pages\/321672\/revisions"}],"predecessor-version":[{"id":321676,"href":"https:\/\/emigrarconana.com\/en\/wp-json\/wp\/v2\/pages\/321672\/revisions\/321676"}],"wp:attachment":[{"href":"https:\/\/emigrarconana.com\/en\/wp-json\/wp\/v2\/media?parent=321672"}],"curies":[{"name":"wp","href":"https:\/\/api.w.org\/{rel}","templated":true}]}}