{"id":3,"date":"2024-07-17T21:57:16","date_gmt":"2024-07-17T21:57:16","guid":{"rendered":"https:\/\/emigrarconana.com\/?page_id=3"},"modified":"2024-08-28T19:40:03","modified_gmt":"2024-08-28T19:40:03","slug":"privacy-policy","status":"publish","type":"page","link":"https:\/\/emigrarconana.com\/en\/privacy-policy\/","title":{"rendered":"Privacy policy"},"content":{"rendered":"<p>[et_pb_section fb_built=\u00bb1&#8243; _builder_version=\u00bb4.16&#8243; global_colors_info=\u00bb{}\u00bb][et_pb_row _builder_version=\u00bb4.16&#8243; background_size=\u00bbinitial\u00bb background_position=\u00bbtop_left\u00bb background_repeat=\u00bbrepeat\u00bb global_colors_info=\u00bb{}\u00bb][et_pb_column type=\u00bb4_4&#8243; _builder_version=\u00bb4.16&#8243; custom_padding=\u00bb|||\u00bb hover_enabled=\u00bb0&#8243; global_colors_info=\u00bb{}\u00bb custom_padding__hover=\u00bb|||\u00bb sticky_enabled=\u00bb0&#8243;][et_pb_text _builder_version=\u00bb4.16&#8243; background_size=\u00bbinitial\u00bb background_position=\u00bbtop_left\u00bb background_repeat=\u00bbrepeat\u00bb global_colors_info=\u00bb{}\u00bb]<!-- divi:heading --><\/p>\n<header class=\"entry-header\" data-alignment=\"left\">\n<h1 class=\"entry-title\">Politica de Privacidad Redes Sociales<\/h1>\n<\/header>\n<div class=\"entry-content\" itemprop=\"text\">\n<div data-elementor-type=\"wp-page\" data-elementor-id=\"35389\" class=\"elementor elementor-35389\">\n<div class=\"elementor-element elementor-element-89f7532 e-flex e-con-boxed e-con e-parent e-lazyloaded\" data-id=\"89f7532\" data-element_type=\"container\">\n<div class=\"e-con-inner\">\n<div class=\"elementor-element elementor-element-fc96326 elementor-widget elementor-widget-text-editor\" data-id=\"fc96326\" data-element_type=\"widget\" data-widget_type=\"text-editor.default\">\n<div class=\"elementor-widget-container\">\n<div class=\"this-post\">\n<div class=\"post-title\"><strong>INFORMACI\u00d3N AL USUARIO<\/strong><\/div>\n<div>\u00a0<\/div>\n<div class=\"post-title\"><strong>\u00bfQUIEN ES EL RESPONSABLE DEL TRATAMIENTO DE TUS DATOS PERSONALES?<\/strong><strong><br \/><\/strong><\/div>\n<\/div>\n<div class=\"post-content\">\n<p>ANASTASIJA LEONOVA, en adelante,<span>\u00a0<\/span><strong>RESPONSABLE<\/strong>, informa al\u00a0<strong>USUARIO\u00a0<\/strong>de que ha procedido a crear un perfil en las Redes Sociales Instagram, Youtube y Google+, que es el responsable del tratamiento de los datos personales del usuario que se lleve a cabo en dichas redes sociales y le informa de que estos datos ser\u00e1n tratados de conformidad con lo dispuesto en el Reglamento (UE) 2016\/679, de 27 de abril (GDPR), y la Ley Org\u00e1nica 3\/2018, de 5 de diciembre (LOPDGDD), por lo que se le facilita la siguiente informaci\u00f3n del tratamiento:<\/p>\n<p><strong><span>FIN DEL TRATAMIENTO<\/span><\/strong><\/p>\n<p><span>Mantener una relaci\u00f3n entre el USUARIO y el RESPONSABLE<\/span><strong>\u00a0<\/strong><span>que puede incluir las siguientes operaciones:<\/span><\/p>\n<ul>\n<li>Tramitar solicitudes y consultas planteadas al responsable<\/li>\n<li>Informar sobre productos o servicios ofrecidos por el responsable.<\/li>\n<li>Interactuar a trav\u00e9s de los perfiles oficiales.<\/li>\n<\/ul>\n<p><strong><br \/>BASE JUR\u00cdDICA DEL TRATAMIENTO<\/strong><\/p>\n<p>Art\u00edculo 6.1.a GDPR, el interesado ha dado su consentimiento para el tratamiento de sus datos personales para uno o varios fines espec\u00edficos. El USUARIO dispone de un perfil en la misma red social y ha decidido unirse a la red social del RESPONSABLE mostrando as\u00ed inter\u00e9s en la informaci\u00f3n que se publique en la misma, por tanto, en el momento de solicitar seguir nuestros perfiles oficiales, nos facilita su consentimiento para el tratamiento de aquellos datos personales publicados en su perfil.<\/p>\n<p>El USUARIO puede acceder en todo momento a las pol\u00edticas de privacidad de la propia red social, as\u00ed como configurar su perfil para garantizar su privacidad.<\/p>\n<p>El RESPONSABLE\u00a0tiene acceso y trata aquella informaci\u00f3n p\u00fablica del USUARIO, en especial, su nombre de contacto. Estos datos solo son utilizados dentro de la propia red social y \u00fanicamente se incorporar\u00e1n a un fichero del RESPONSABLE cuando sea necesario para tramitar la petici\u00f3n del USUARIO.<\/p>\n<p><strong>CRITERIOS DE CONSERVACI\u00d3N DE DATOS<\/strong>\u00a0\u00a0<\/p>\n<p>Se conservar\u00e1n mientras el USUARIO no revoque el consentimiento prestado tal y como se indica en esta pol\u00edtica de privacidad.<\/p>\n<p><strong>COMUNICACI\u00d3N DE DATOS<\/strong><\/p>\n<p>La informaci\u00f3n facilitada por el USUARIO a trav\u00e9s de las redes sociales del RESPONSABLE, incluidos sus datos personales, puede ser publicada, siempre en funci\u00f3n de los servicios que el USUARIO utilice, por lo que podr\u00e1 quedar a disposici\u00f3n p\u00fablica de otros terceros usuarios de las redes sociales. Desde el perfil de cada red social, el USUARIO puede configurar qu\u00e9 informaci\u00f3n quiere hacer p\u00fablica en cada caso, ver los permisos que se han concedido, eliminarlos o desactivarlos, como cualquier aplicaci\u00f3n de un tercero que ya no se desea utilizar.<\/p>\n<p>No est\u00e1 prevista ninguna comunicaci\u00f3n de datos personales a terceros fuera de la red social\u00a0salvo, si\u00a0fuese imprescindible para el desarrollo y ejecuci\u00f3n de las finalidades del tratamiento, a nuestros proveedores de servicios relacionados con comunicaciones,\u00a0con los cuales\u00a0el RESPONSABLE\u00a0tiene suscritos los contratos de confidencialidad y de encargado\u00a0de tratamiento\u00a0exigidos por la normativa\u00a0vigente de privacidad.<\/p>\n<p><strong>DERECHOS QUE ASISTEN AL USUARIO<\/strong><\/p>\n<p>Solo podr\u00e1n satisfacerse en relaci\u00f3n a aquella informaci\u00f3n que se encuentre bajo el control del RESPONSABLE.<\/p>\n<ul>\n<li>Derecho a retirar el consentimiento en cualquier momento.<\/li>\n<li>Derecho de acceso, rectificaci\u00f3n, portabilidad y supresi\u00f3n de sus datos, y de limitaci\u00f3n u oposici\u00f3n a su tratamiento.<\/li>\n<li>Derecho a presentar una reclamaci\u00f3n ante la autoridad de control (www.aepd.es) si\u00a0considera que el tratamiento no se ajusta a la normativa vigente.<\/li>\n<\/ul>\n<p><strong><br \/>DATOS DE CONTACTO PARA EJERCER SUS DERECHOS<\/strong><\/p>\n<p>ANASTASIJA LEONOVA, CALLE VIVALDI \u2013 03581 ALBIR (Alicante). Email: info@emigrarconana.com<\/p>\n<p><strong>UTILIZACI\u00d3N DEL PERFIL<\/strong><\/p>\n<p>El RESPONSABLE realizar\u00e1 las siguientes actuaciones:<\/p>\n<p>\u2013 Acceso a la informaci\u00f3n p\u00fablica del perfil.<br \/>\u2013 Publicaci\u00f3n en el perfil del USUARIO de toda aquella informaci\u00f3n ya publicada en la red social del RESPONSABLE.<br \/>\u2013 Enviar mensajes personales e individuales a trav\u00e9s de los canales de la red social.<br \/>\u2013 Actualizaciones del estado de la p\u00e1gina que se publicar\u00e1n en el perfil del USUARIO.<\/p>\n<p>El USUARIO siempre puede controlar sus conexiones, eliminar los contenidos que dejen de interesarle y restringir con qui\u00e9n comparte sus conexiones; para ello deber\u00e1 acceder a su configuraci\u00f3n de privacidad.<\/p>\n<p><strong>PUBLICACIONES<\/strong><\/p>\n<p>El USUARIO, una vez sea seguidor\u00a0o se haya unido a la red social del RESPONSABLE, podr\u00e1 publicar en esta comentarios, enlaces, im\u00e1genes, fotograf\u00edas o cualquier otro tipo de contenido multimedia soportado por la misma. El USUARIO, en todos los casos, debe ser el titular del contenido publicado, gozar de los derechos de autor y de propiedad intelectual o contar con el consentimiento de los terceros afectados.<\/p>\n<p>Se proh\u00edbe expresamente cualquier publicaci\u00f3n en la red social, ya sean textos, gr\u00e1ficos, fotograf\u00edas, v\u00eddeos, etc. que atenten o sean susceptibles de atentar contra la moral, la \u00e9tica, el buen gusto o el decoro, y\/o que infrinjan, violen o quebranten los derechos de propiedad intelectual o industrial, el derecho a la imagen o la Ley.<\/p>\n<p>En estos casos, el RESPONSABLE\u00a0se reserva el derecho a retirar de inmediato el contenido, sin comunicaci\u00f3n previa, pudiendo solicitar el bloqueo permanente del USUARIO.<\/p>\n<p>El RESPONSABLE\u00a0no se har\u00e1 responsable de los contenidos que libremente ha publicado un USUARIO.<\/p>\n<p>El USUARIO debe tener presente que sus publicaciones ser\u00e1n conocidas por otros usuarios, por lo que \u00e9l mismo es el principal responsable de su privacidad.<\/p>\n<p>Las im\u00e1genes que puedan publicarse en la red social no ser\u00e1n almacenadas en ning\u00fan fichero por parte del RESPONSABLE, pero s\u00ed que permanecer\u00e1n en la red social.<\/p>\n<p><strong>DATOS DE MENORES DE EDAD O PERSONAS CON CAPACIDADES ESPECIALES<\/strong><\/p>\n<p>El acceso y registro a trav\u00e9s de la redes sociales del RESPONSABLE\u00a0est\u00e1 prohibido a menores de 18 a\u00f1os. Por su parte, si el USUARIO tiene capacidades especiales, ser\u00e1 necesaria la intervenci\u00f3n del titular de su patria potestad o tutela, o de su representante legal mediante documento v\u00e1lido que acredite la representaci\u00f3n.<\/p>\n<p>El RESPONSABLE quedar\u00e1 expresamente exonerado de cualquier responsabilidad que pudiera derivarse del uso de las redes sociales por parte de menores o personas con capacidades especiales. Las redes sociales del RESPONSABLE no recogen conscientemente ninguna informaci\u00f3n personal de menores de edad, por ello, si el USUARIO es menor de edad, no debe registrarse, ni utilizar las redes sociales del RESPONSABLE, ni tampoco proporcionar ninguna informaci\u00f3n personal.<\/p>\n<\/div>\n<\/div>\n<\/div>\n<\/div>\n<\/div>\n<\/div>\n<\/div>\n<p>&nbsp;<\/p>\n<p><!-- \/divi:paragraph -->[\/et_pb_text][\/et_pb_column][\/et_pb_row][\/et_pb_section]<\/p>\n","protected":false},"excerpt":{"rendered":"<p>Politica de Privacidad Redes Sociales INFORMACI\u00d3N AL USUARIO \u00a0 \u00bfQUIEN ES EL RESPONSABLE DEL TRATAMIENTO DE TUS DATOS PERSONALES? ANASTASIJA LEONOVA, en adelante,\u00a0RESPONSABLE, informa al\u00a0USUARIO\u00a0de que ha procedido a crear un perfil en las Redes Sociales Instagram, Youtube y Google+, que es el responsable del tratamiento de los datos personales del usuario que se lleve [&hellip;]<\/p>\n","protected":false},"author":3,"featured_media":0,"parent":0,"menu_order":0,"comment_status":"closed","ping_status":"closed","template":"","meta":{"_et_pb_use_builder":"on","_et_pb_old_content":"<!-- wp:heading -->\n<h2 class=\"wp-block-heading\">Who we are<\/h2>\n<!-- \/wp:heading -->\n<!-- wp:paragraph -->\n<p><strong class=\"privacy-policy-tutorial\">Suggested text: <\/strong>Our website address is: https:\/\/emigrarconana.com.<\/p>\n<!-- \/wp:paragraph -->\n<!-- wp:heading -->\n<h2 class=\"wp-block-heading\">Comments<\/h2>\n<!-- \/wp:heading -->\n<!-- wp:paragraph -->\n<p><strong class=\"privacy-policy-tutorial\">Suggested text: <\/strong>When visitors leave comments on the site we collect the data shown in the comments form, and also the visitor&#8217;s IP address and browser user agent string to help spam detection.<\/p>\n<!-- \/wp:paragraph -->\n<!-- wp:paragraph -->\n<p>An anonymized string created from your email address (also called a hash) may be provided to the Gravatar service to see if you are using it. The Gravatar service privacy policy is available here: https:\/\/automattic.com\/privacy\/. After approval of your comment, your profile picture is visible to the public in the context of your comment.<\/p>\n<!-- \/wp:paragraph -->\n<!-- wp:heading -->\n<h2 class=\"wp-block-heading\">Media<\/h2>\n<!-- \/wp:heading -->\n<!-- wp:paragraph -->\n<p><strong class=\"privacy-policy-tutorial\">Suggested text: <\/strong>If you upload images to the website, you should avoid uploading images with embedded location data (EXIF GPS) included. Visitors to the website can download and extract any location data from images on the website.<\/p>\n<!-- \/wp:paragraph -->\n<!-- wp:heading -->\n<h2 class=\"wp-block-heading\">Cookies<\/h2>\n<!-- \/wp:heading -->\n<!-- wp:paragraph -->\n<p><strong class=\"privacy-policy-tutorial\">Suggested text: <\/strong>If you leave a comment on our site you may opt-in to saving your name, email address and website in cookies. These are for your convenience so that you do not have to fill in your details again when you leave another comment. These cookies will last for one year.<\/p>\n<!-- \/wp:paragraph -->\n<!-- wp:paragraph -->\n<p>If you visit our login page, we will set a temporary cookie to determine if your browser accepts cookies. This cookie contains no personal data and is discarded when you close your browser.<\/p>\n<!-- \/wp:paragraph -->\n<!-- wp:paragraph -->\n<p>When you log in, we will also set up several cookies to save your login information and your screen display choices. Login cookies last for two days, and screen options cookies last for a year. If you select &quot;Remember Me&quot;, your login will persist for two weeks. If you log out of your account, the login cookies will be removed.<\/p>\n<!-- \/wp:paragraph -->\n<!-- wp:paragraph -->\n<p>If you edit or publish an article, an additional cookie will be saved in your browser. This cookie includes no personal data and simply indicates the post ID of the article you just edited. It expires after 1 day.<\/p>\n<!-- \/wp:paragraph -->\n<!-- wp:heading -->\n<h2 class=\"wp-block-heading\">Embedded content from other websites<\/h2>\n<!-- \/wp:heading -->\n<!-- wp:paragraph -->\n<p><strong class=\"privacy-policy-tutorial\">Suggested text: <\/strong>Articles on this site may include embedded content (e.g. videos, images, articles, etc.). Embedded content from other websites behaves in the exact same way as if the visitor has visited the other website.<\/p>\n<!-- \/wp:paragraph -->\n<!-- wp:paragraph -->\n<p>These websites may collect data about you, use cookies, embed additional third-party tracking, and monitor your interaction with that embedded content, including tracking your interaction with the embedded content if you have an account and are logged in to that website.<\/p>\n<!-- \/wp:paragraph -->\n<!-- wp:heading -->\n<h2 class=\"wp-block-heading\">Who we share your data with<\/h2>\n<!-- \/wp:heading -->\n<!-- wp:paragraph -->\n<p><strong class=\"privacy-policy-tutorial\">Suggested text: <\/strong>If you request a password reset, your IP address will be included in the reset email.<\/p>\n<!-- \/wp:paragraph -->\n<!-- wp:heading -->\n<h2 class=\"wp-block-heading\">How long we retain your data<\/h2>\n<!-- \/wp:heading -->\n<!-- wp:paragraph -->\n<p><strong class=\"privacy-policy-tutorial\">Suggested text: <\/strong>If you leave a comment, the comment and its metadata are retained indefinitely. This is so we can recognize and approve any follow-up comments automatically instead of holding them in a moderation queue.<\/p>\n<!-- \/wp:paragraph -->\n<!-- wp:paragraph -->\n<p>For users that register on our website (if any), we also store the personal information they provide in their user profile. All users can see, edit, or delete their personal information at any time (except they cannot change their username). Website administrators can also see and edit that information.<\/p>\n<!-- \/wp:paragraph -->\n<!-- wp:heading -->\n<h2 class=\"wp-block-heading\">What rights you have over your data<\/h2>\n<!-- \/wp:heading -->\n<!-- wp:paragraph -->\n<p><strong class=\"privacy-policy-tutorial\">Suggested text: <\/strong>If you have an account on this site, or have left comments, you can request to receive an exported file of the personal data we hold about you, including any data you have provided to us. You can also request that we erase any personal data we hold about you. This does not include any data we are obliged to keep for administrative, legal, or security purposes.<\/p>\n<!-- \/wp:paragraph -->\n<!-- wp:heading -->\n<h2 class=\"wp-block-heading\">Where your data is sent<\/h2>\n<!-- \/wp:heading -->\n<!-- wp:paragraph -->\n<p><strong class=\"privacy-policy-tutorial\">Suggested text: <\/strong>Visitor comments may be checked through an automated spam detection service.<\/p>\n<!-- \/wp:paragraph -->\n","_et_gb_content_width":"","footnotes":""},"class_list":["post-3","page","type-page","status-publish","hentry"],"yoast_head":"<!-- This site is optimized with the Yoast SEO Premium plugin v26.0 (Yoast SEO v27.5) - https:\/\/yoast.com\/product\/yoast-seo-premium-wordpress\/ -->\n<title>Pol\u00edtica de privacidad - EA Migration Consulting<\/title>\n<meta name=\"robots\" content=\"index, follow, max-snippet:-1, max-image-preview:large, max-video-preview:-1\" \/>\n<link rel=\"canonical\" href=\"https:\/\/emigrarconana.com\/en\/privacy-policy\/\" \/>\n<meta property=\"og:locale\" content=\"en_GB\" \/>\n<meta property=\"og:type\" content=\"article\" \/>\n<meta property=\"og:title\" content=\"Pol\u00edtica de privacidad\" \/>\n<meta property=\"og:description\" content=\"Politica de Privacidad Redes Sociales INFORMACI\u00d3N AL USUARIO \u00a0 \u00bfQUIEN ES EL RESPONSABLE DEL TRATAMIENTO DE TUS DATOS PERSONALES? ANASTASIJA LEONOVA, en adelante,\u00a0RESPONSABLE, informa al\u00a0USUARIO\u00a0de que ha procedido a crear un perfil en las Redes Sociales Instagram, Youtube y Google+, que es el responsable del tratamiento de los datos personales del usuario que se lleve [&hellip;]\" \/>\n<meta property=\"og:url\" content=\"https:\/\/emigrarconana.com\/en\/privacy-policy\/\" \/>\n<meta property=\"og:site_name\" content=\"EA Migration Consulting\" \/>\n<meta property=\"article:modified_time\" content=\"2024-08-28T19:40:03+00:00\" \/>\n<meta name=\"twitter:card\" content=\"summary_large_image\" \/>\n<meta name=\"twitter:label1\" content=\"Estimated reading time\" \/>\n\t<meta name=\"twitter:data1\" content=\"3 minutes\" \/>\n<script type=\"application\/ld+json\" class=\"yoast-schema-graph\">{\"@context\":\"https:\\\/\\\/schema.org\",\"@graph\":[{\"@type\":\"WebPage\",\"@id\":\"https:\\\/\\\/emigrarconana.com\\\/privacy-policy\\\/\",\"url\":\"https:\\\/\\\/emigrarconana.com\\\/privacy-policy\\\/\",\"name\":\"Pol\u00edtica de privacidad - EA Migration Consulting\",\"isPartOf\":{\"@id\":\"https:\\\/\\\/emigrarconana.com\\\/#website\"},\"datePublished\":\"2024-07-17T21:57:16+00:00\",\"dateModified\":\"2024-08-28T19:40:03+00:00\",\"breadcrumb\":{\"@id\":\"https:\\\/\\\/emigrarconana.com\\\/privacy-policy\\\/#breadcrumb\"},\"inLanguage\":\"en-GB\",\"potentialAction\":[{\"@type\":\"ReadAction\",\"target\":[\"https:\\\/\\\/emigrarconana.com\\\/privacy-policy\\\/\"]}]},{\"@type\":\"BreadcrumbList\",\"@id\":\"https:\\\/\\\/emigrarconana.com\\\/privacy-policy\\\/#breadcrumb\",\"itemListElement\":[{\"@type\":\"ListItem\",\"position\":1,\"name\":\"Portada\",\"item\":\"https:\\\/\\\/emigrarconana.com\\\/\"},{\"@type\":\"ListItem\",\"position\":2,\"name\":\"Pol\u00edtica de privacidad\"}]},{\"@type\":\"WebSite\",\"@id\":\"https:\\\/\\\/emigrarconana.com\\\/#website\",\"url\":\"https:\\\/\\\/emigrarconana.com\\\/\",\"name\":\"Emigrar con Ana\",\"description\":\"Consultor\u00eda de Inmigracion a Espa\u00f1a\",\"publisher\":{\"@id\":\"https:\\\/\\\/emigrarconana.com\\\/#organization\"},\"potentialAction\":[{\"@type\":\"SearchAction\",\"target\":{\"@type\":\"EntryPoint\",\"urlTemplate\":\"https:\\\/\\\/emigrarconana.com\\\/?s={search_term_string}\"},\"query-input\":{\"@type\":\"PropertyValueSpecification\",\"valueRequired\":true,\"valueName\":\"search_term_string\"}}],\"inLanguage\":\"en-GB\"},{\"@type\":\"Organization\",\"@id\":\"https:\\\/\\\/emigrarconana.com\\\/#organization\",\"name\":\"Emigrar con Ana, consultor\u00eda de inmigraci\u00f3n\",\"url\":\"https:\\\/\\\/emigrarconana.com\\\/\",\"logo\":{\"@type\":\"ImageObject\",\"inLanguage\":\"en-GB\",\"@id\":\"https:\\\/\\\/emigrarconana.com\\\/#\\\/schema\\\/logo\\\/image\\\/\",\"url\":\"https:\\\/\\\/emigrarconana.com\\\/wp-content\\\/uploads\\\/2024\\\/07\\\/cropped-logo-emigrar-con-ana-jpg.jpg\",\"contentUrl\":\"https:\\\/\\\/emigrarconana.com\\\/wp-content\\\/uploads\\\/2024\\\/07\\\/cropped-logo-emigrar-con-ana-jpg.jpg\",\"width\":512,\"height\":512,\"caption\":\"Emigrar con Ana, consultor\u00eda de inmigraci\u00f3n\"},\"image\":{\"@id\":\"https:\\\/\\\/emigrarconana.com\\\/#\\\/schema\\\/logo\\\/image\\\/\"}}]}<\/script>\n<!-- \/ Yoast SEO Premium plugin. -->","yoast_head_json":{"title":"Pol\u00edtica de privacidad - EA Migration Consulting","robots":{"index":"index","follow":"follow","max-snippet":"max-snippet:-1","max-image-preview":"max-image-preview:large","max-video-preview":"max-video-preview:-1"},"canonical":"https:\/\/emigrarconana.com\/en\/privacy-policy\/","og_locale":"en_GB","og_type":"article","og_title":"Pol\u00edtica de privacidad","og_description":"Politica de Privacidad Redes Sociales INFORMACI\u00d3N AL USUARIO \u00a0 \u00bfQUIEN ES EL RESPONSABLE DEL TRATAMIENTO DE TUS DATOS PERSONALES? ANASTASIJA LEONOVA, en adelante,\u00a0RESPONSABLE, informa al\u00a0USUARIO\u00a0de que ha procedido a crear un perfil en las Redes Sociales Instagram, Youtube y Google+, que es el responsable del tratamiento de los datos personales del usuario que se lleve [&hellip;]","og_url":"https:\/\/emigrarconana.com\/en\/privacy-policy\/","og_site_name":"EA Migration Consulting","article_modified_time":"2024-08-28T19:40:03+00:00","twitter_card":"summary_large_image","twitter_misc":{"Estimated reading time":"3 minutes"},"schema":{"@context":"https:\/\/schema.org","@graph":[{"@type":"WebPage","@id":"https:\/\/emigrarconana.com\/privacy-policy\/","url":"https:\/\/emigrarconana.com\/privacy-policy\/","name":"Pol\u00edtica de privacidad - EA Migration Consulting","isPartOf":{"@id":"https:\/\/emigrarconana.com\/#website"},"datePublished":"2024-07-17T21:57:16+00:00","dateModified":"2024-08-28T19:40:03+00:00","breadcrumb":{"@id":"https:\/\/emigrarconana.com\/privacy-policy\/#breadcrumb"},"inLanguage":"en-GB","potentialAction":[{"@type":"ReadAction","target":["https:\/\/emigrarconana.com\/privacy-policy\/"]}]},{"@type":"BreadcrumbList","@id":"https:\/\/emigrarconana.com\/privacy-policy\/#breadcrumb","itemListElement":[{"@type":"ListItem","position":1,"name":"Portada","item":"https:\/\/emigrarconana.com\/"},{"@type":"ListItem","position":2,"name":"Pol\u00edtica de privacidad"}]},{"@type":"WebSite","@id":"https:\/\/emigrarconana.com\/#website","url":"https:\/\/emigrarconana.com\/","name":"Emigrating with Ana","description":"Immigration Consultancy to Spain","publisher":{"@id":"https:\/\/emigrarconana.com\/#organization"},"potentialAction":[{"@type":"SearchAction","target":{"@type":"EntryPoint","urlTemplate":"https:\/\/emigrarconana.com\/?s={search_term_string}"},"query-input":{"@type":"PropertyValueSpecification","valueRequired":true,"valueName":"search_term_string"}}],"inLanguage":"en-GB"},{"@type":"Organization","@id":"https:\/\/emigrarconana.com\/#organization","name":"Emigrate with Ana, immigration consultancy","url":"https:\/\/emigrarconana.com\/","logo":{"@type":"ImageObject","inLanguage":"en-GB","@id":"https:\/\/emigrarconana.com\/#\/schema\/logo\/image\/","url":"https:\/\/emigrarconana.com\/wp-content\/uploads\/2024\/07\/cropped-logo-emigrar-con-ana-jpg.jpg","contentUrl":"https:\/\/emigrarconana.com\/wp-content\/uploads\/2024\/07\/cropped-logo-emigrar-con-ana-jpg.jpg","width":512,"height":512,"caption":"Emigrar con Ana, consultor\u00eda de inmigraci\u00f3n"},"image":{"@id":"https:\/\/emigrarconana.com\/#\/schema\/logo\/image\/"}}]}},"_links":{"self":[{"href":"https:\/\/emigrarconana.com\/en\/wp-json\/wp\/v2\/pages\/3","targetHints":{"allow":["GET"]}}],"collection":[{"href":"https:\/\/emigrarconana.com\/en\/wp-json\/wp\/v2\/pages"}],"about":[{"href":"https:\/\/emigrarconana.com\/en\/wp-json\/wp\/v2\/types\/page"}],"author":[{"embeddable":true,"href":"https:\/\/emigrarconana.com\/en\/wp-json\/wp\/v2\/users\/3"}],"replies":[{"embeddable":true,"href":"https:\/\/emigrarconana.com\/en\/wp-json\/wp\/v2\/comments?post=3"}],"version-history":[{"count":3,"href":"https:\/\/emigrarconana.com\/en\/wp-json\/wp\/v2\/pages\/3\/revisions"}],"predecessor-version":[{"id":320588,"href":"https:\/\/emigrarconana.com\/en\/wp-json\/wp\/v2\/pages\/3\/revisions\/320588"}],"wp:attachment":[{"href":"https:\/\/emigrarconana.com\/en\/wp-json\/wp\/v2\/media?parent=3"}],"curies":[{"name":"wp","href":"https:\/\/api.w.org\/{rel}","templated":true}]}}